{"id":890,"date":"2023-03-27T22:47:19","date_gmt":"2023-03-28T02:47:19","guid":{"rendered":"https:\/\/mlegault.com\/online-quote\/"},"modified":"2025-11-11T07:42:42","modified_gmt":"2025-11-11T12:42:42","slug":"online-quote","status":"publish","type":"page","link":"https:\/\/mlegault.com\/en\/online-quote\/","title":{"rendered":"Online Quote"},"content":{"rendered":"\t\t<div data-elementor-type=\"wp-page\" data-elementor-id=\"890\" class=\"elementor elementor-890 elementor-447\" data-elementor-post-type=\"page\">\n\t\t\t\t\t\t<section class=\"elementor-section elementor-top-section elementor-element elementor-element-1736dfdb elementor-section-full_width elementor-section-height-default elementor-section-height-default\" data-id=\"1736dfdb\" data-element_type=\"section\" data-e-type=\"section\" data-settings=\"{&quot;background_background&quot;:&quot;classic&quot;}\">\n\t\t\t\t\t\t<div class=\"elementor-container elementor-column-gap-default\">\n\t\t\t\t\t<div class=\"elementor-column elementor-col-100 elementor-top-column elementor-element elementor-element-223c4682\" data-id=\"223c4682\" data-element_type=\"column\" data-e-type=\"column\">\n\t\t\t<div class=\"elementor-widget-wrap elementor-element-populated\">\n\t\t\t\t\t\t<section class=\"elementor-section elementor-inner-section elementor-element elementor-element-15fb8f30 elementor-section-boxed elementor-section-height-default elementor-section-height-default\" data-id=\"15fb8f30\" data-element_type=\"section\" data-e-type=\"section\" data-settings=\"{&quot;background_background&quot;:&quot;classic&quot;}\">\n\t\t\t\t\t\t\t<div class=\"elementor-background-overlay\"><\/div>\n\t\t\t\t\t\t\t<div class=\"elementor-container elementor-column-gap-default\">\n\t\t\t\t\t<div class=\"elementor-column elementor-col-100 elementor-inner-column elementor-element elementor-element-2e08ea58\" data-id=\"2e08ea58\" data-element_type=\"column\" data-e-type=\"column\">\n\t\t\t<div class=\"elementor-widget-wrap elementor-element-populated\">\n\t\t\t\t\t\t<div class=\"elementor-element elementor-element-4753b1fe elementor-invisible elementor-widget elementor-widget-heading\" data-id=\"4753b1fe\" data-element_type=\"widget\" data-e-type=\"widget\" data-settings=\"{&quot;_animation&quot;:&quot;fadeInUp&quot;}\" data-widget_type=\"heading.default\">\n\t\t\t\t<div class=\"elementor-widget-container\">\n\t\t\t\t\t<h1 class=\"elementor-heading-title elementor-size-default\">Request for quotation\n<\/h1>\t\t\t\t<\/div>\n\t\t\t\t<\/div>\n\t\t\t\t\t<\/div>\n\t\t<\/div>\n\t\t\t\t\t<\/div>\n\t\t<\/section>\n\t\t\t\t\t<\/div>\n\t\t<\/div>\n\t\t\t\t\t<\/div>\n\t\t<\/section>\n\t\t\t\t<section class=\"elementor-section elementor-top-section elementor-element elementor-element-625eb1a elementor-section-boxed elementor-section-height-default elementor-section-height-default\" data-id=\"625eb1a\" data-element_type=\"section\" data-e-type=\"section\">\n\t\t\t\t\t\t<div class=\"elementor-container elementor-column-gap-default\">\n\t\t\t\t\t<div class=\"elementor-column elementor-col-50 elementor-top-column elementor-element elementor-element-7a737e24\" data-id=\"7a737e24\" data-element_type=\"column\" data-e-type=\"column\">\n\t\t\t<div class=\"elementor-widget-wrap elementor-element-populated\">\n\t\t\t\t\t\t<div class=\"elementor-element elementor-element-5cb6a2d9 elementor-widget elementor-widget-text-editor\" data-id=\"5cb6a2d9\" data-element_type=\"widget\" data-e-type=\"widget\" data-widget_type=\"text-editor.default\">\n\t\t\t\t<div class=\"elementor-widget-container\">\n\t\t\t\t\t\t\t\t\t<p><span style=\"color: #ff0000;\">We are committed to providing our clients with exceptional service and superior quality of work.<\/span> <\/p>\n<p>To get a quote for your project, please fill out the form. We will get back to you as soon as possible.<\/p>\n\t\t\t\t\t\t\t\t<\/div>\n\t\t\t\t<\/div>\n\t\t\t\t<div class=\"elementor-element elementor-element-7950926e elementor-widget elementor-widget-text-editor\" data-id=\"7950926e\" data-element_type=\"widget\" data-e-type=\"widget\" data-widget_type=\"text-editor.default\">\n\t\t\t\t<div class=\"elementor-widget-container\">\n\t\t\t\t\t\t\t\t\t<p><span style=\"color: #000000;\"><strong>You can contact Daniel at:<\/strong><\/span><\/p>\n<p><span style=\"color: #000000;\"><a style=\"color: #000000;\" href=\"tel:+18198936355\">819-893-6355<\/a><\/span><\/p>\n<p><a href=\"mailto:daniel@mlegault.com\"><span style=\"color: #000000;\">daniel@mlegault.com<\/span><\/a><\/p>\n\t\t\t\t\t\t\t\t<\/div>\n\t\t\t\t<\/div>\n\t\t\t\t\t<\/div>\n\t\t<\/div>\n\t\t\t\t<div class=\"elementor-column elementor-col-50 elementor-top-column elementor-element elementor-element-2acc0dd0\" data-id=\"2acc0dd0\" data-element_type=\"column\" data-e-type=\"column\">\n\t\t\t<div class=\"elementor-widget-wrap elementor-element-populated\">\n\t\t\t\t\t\t<section class=\"elementor-section elementor-inner-section elementor-element elementor-element-14ddb32c elementor-section-boxed elementor-section-height-default elementor-section-height-default\" data-id=\"14ddb32c\" data-element_type=\"section\" data-e-type=\"section\" data-settings=\"{&quot;background_background&quot;:&quot;classic&quot;}\">\n\t\t\t\t\t\t<div class=\"elementor-container elementor-column-gap-default\">\n\t\t\t\t\t<div class=\"elementor-column elementor-col-100 elementor-inner-column elementor-element elementor-element-2bc1bb42\" data-id=\"2bc1bb42\" data-element_type=\"column\" data-e-type=\"column\">\n\t\t\t<div class=\"elementor-widget-wrap elementor-element-populated\">\n\t\t\t\t\t\t<div class=\"elementor-element elementor-element-21361c35 elementor-widget elementor-widget-heading\" data-id=\"21361c35\" data-element_type=\"widget\" data-e-type=\"widget\" data-widget_type=\"heading.default\">\n\t\t\t\t<div class=\"elementor-widget-container\">\n\t\t\t\t\t<h3 class=\"elementor-heading-title elementor-size-default\">Request for quotation<\/h3>\t\t\t\t<\/div>\n\t\t\t\t<\/div>\n\t\t\t\t<div class=\"elementor-element elementor-element-5613424d elementor-button-align-stretch elementor-widget elementor-widget-form\" data-id=\"5613424d\" data-element_type=\"widget\" data-e-type=\"widget\" data-settings=\"{&quot;step_next_label&quot;:&quot;Next&quot;,&quot;step_previous_label&quot;:&quot;Previous&quot;,&quot;button_width&quot;:&quot;100&quot;,&quot;step_type&quot;:&quot;number_text&quot;,&quot;step_icon_shape&quot;:&quot;circle&quot;}\" data-widget_type=\"form.default\">\n\t\t\t\t<div class=\"elementor-widget-container\">\n\t\t\t\t\t\t\t<form class=\"elementor-form\" method=\"post\" name=\"Form | Quote\" aria-label=\"Form | Quote\">\n\t\t\t<input type=\"hidden\" name=\"post_id\" value=\"890\"\/>\n\t\t\t<input type=\"hidden\" name=\"form_id\" value=\"5613424d\"\/>\n\t\t\t<input type=\"hidden\" name=\"referer_title\" value=\"Ma\u00e7onnerie Legault\" \/>\n\n\t\t\t\n\t\t\t<div class=\"elementor-form-fields-wrapper elementor-labels-above\">\n\t\t\t\t\t\t\t\t<div class=\"elementor-field-type-text elementor-field-group elementor-column elementor-field-group-name elementor-col-100\">\n\t\t\t\t\t\t\t\t\t\t\t\t<label for=\"form-field-name\" class=\"elementor-field-label\">\n\t\t\t\t\t\t\t\tLast Name\t\t\t\t\t\t\t<\/label>\n\t\t\t\t\t\t\t\t\t\t\t\t\t\t<input size=\"1\" type=\"text\" name=\"form_fields[name]\" id=\"form-field-name\" class=\"elementor-field elementor-size-sm  elementor-field-textual\" placeholder=\"Last Name\">\n\t\t\t\t\t\t\t\t\t\t\t<\/div>\n\t\t\t\t\t\t\t\t<div class=\"elementor-field-type-tel elementor-field-group elementor-column elementor-field-group-email elementor-col-100 elementor-field-required\">\n\t\t\t\t\t\t\t\t\t\t\t\t<label for=\"form-field-email\" class=\"elementor-field-label\">\n\t\t\t\t\t\t\t\tPhone\t\t\t\t\t\t\t<\/label>\n\t\t\t\t\t\t\t\t<input size=\"1\" type=\"tel\" name=\"form_fields[email]\" id=\"form-field-email\" class=\"elementor-field elementor-size-sm  elementor-field-textual\" placeholder=\"Phone\" required=\"required\" pattern=\"[0-9()#&amp;+*-=.]+\" title=\"Only numbers and phone characters (#, -, *, etc) are accepted.\">\n\n\t\t\t\t\t\t<\/div>\n\t\t\t\t\t\t\t\t<div class=\"elementor-field-type-email elementor-field-group elementor-column elementor-field-group-field_8a92e3e elementor-col-100 elementor-field-required\">\n\t\t\t\t\t\t\t\t\t\t\t\t<label for=\"form-field-field_8a92e3e\" class=\"elementor-field-label\">\n\t\t\t\t\t\t\t\tEmail\t\t\t\t\t\t\t<\/label>\n\t\t\t\t\t\t\t\t\t\t\t\t\t\t<input size=\"1\" type=\"email\" name=\"form_fields[field_8a92e3e]\" id=\"form-field-field_8a92e3e\" class=\"elementor-field elementor-size-sm  elementor-field-textual\" placeholder=\"Email\" required=\"required\">\n\t\t\t\t\t\t\t\t\t\t\t<\/div>\n\t\t\t\t\t\t\t\t<div class=\"elementor-field-type-select elementor-field-group elementor-column elementor-field-group-field_aa1a35b elementor-col-100\">\n\t\t\t\t\t\t\t\t\t\t\t\t<label for=\"form-field-field_aa1a35b\" class=\"elementor-field-label\">\n\t\t\t\t\t\t\t\tProject Type\t\t\t\t\t\t\t<\/label>\n\t\t\t\t\t\t\t\t<div class=\"elementor-field elementor-select-wrapper remove-before \">\n\t\t\t<div class=\"select-caret-down-wrapper\">\n\t\t\t\t<i aria-hidden=\"true\" class=\"eicon-caret-down\"><\/i>\t\t\t<\/div>\n\t\t\t<select name=\"form_fields[field_aa1a35b]\" id=\"form-field-field_aa1a35b\" class=\"elementor-field-textual elementor-size-sm\">\n\t\t\t\t\t\t\t\t\t<option value=\"Residential\">Residential<\/option>\n\t\t\t\t\t\t\t\t\t<option value=\"Commercial\">Commercial<\/option>\n\t\t\t\t\t\t\t\t\t<option value=\"Institutional\">Institutional<\/option>\n\t\t\t\t\t\t\t<\/select>\n\t\t<\/div>\n\t\t\t\t\t\t<\/div>\n\t\t\t\t\t\t\t\t<div class=\"elementor-field-type-select elementor-field-group elementor-column elementor-field-group-field_5245f28 elementor-col-100\">\n\t\t\t\t\t\t\t\t\t\t\t\t<label for=\"form-field-field_5245f28\" class=\"elementor-field-label\">\n\t\t\t\t\t\t\t\tProject Start Date\t\t\t\t\t\t\t<\/label>\n\t\t\t\t\t\t\t\t<div class=\"elementor-field elementor-select-wrapper remove-before \">\n\t\t\t<div class=\"select-caret-down-wrapper\">\n\t\t\t\t<i aria-hidden=\"true\" class=\"eicon-caret-down\"><\/i>\t\t\t<\/div>\n\t\t\t<select name=\"form_fields[field_5245f28]\" id=\"form-field-field_5245f28\" class=\"elementor-field-textual elementor-size-sm\">\n\t\t\t\t\t\t\t\t\t<option value=\"Less than 1 month\">Less than 1 month<\/option>\n\t\t\t\t\t\t\t\t\t<option value=\"Less than 3 months\">Less than 3 months<\/option>\n\t\t\t\t\t\t\t\t\t<option value=\"6 months to 1 year\">6 months to 1 year<\/option>\n\t\t\t\t\t\t\t\t\t<option value=\"I don&#039;t know\">I don&#039;t know<\/option>\n\t\t\t\t\t\t\t<\/select>\n\t\t<\/div>\n\t\t\t\t\t\t<\/div>\n\t\t\t\t\t\t\t\t<div class=\"elementor-field-type-textarea elementor-field-group elementor-column elementor-field-group-message elementor-col-100\">\n\t\t\t\t\t\t\t\t\t\t\t\t<label for=\"form-field-message\" class=\"elementor-field-label\">\n\t\t\t\t\t\t\t\tDescription of your project\t\t\t\t\t\t\t<\/label>\n\t\t\t\t\t\t<textarea class=\"elementor-field-textual elementor-field  elementor-size-sm\" name=\"form_fields[message]\" id=\"form-field-message\" rows=\"4\" placeholder=\"Description of your project\"><\/textarea>\t\t\t\t<\/div>\n\t\t\t\t\t\t\t\t<div class=\"elementor-field-type-upload elementor-field-group elementor-column elementor-field-group-field_bb2752b elementor-col-100\">\n\t\t\t\t\t\t\t\t\t\t\t\t<label for=\"form-field-field_bb2752b\" class=\"elementor-field-label\">\n\t\t\t\t\t\t\t\tDocuments\t\t\t\t\t\t\t<\/label>\n\t\t\t\t\t\t\t\t<input type=\"file\" name=\"form_fields[field_bb2752b][]\" id=\"form-field-field_bb2752b\" class=\"elementor-field elementor-size-sm  elementor-upload-field\" multiple=\"multiple\">\n\n\t\t\t\t\t\t<\/div>\n\t\t\t\t\t\t\t\t<div class=\"elementor-field-type-recaptcha elementor-field-group elementor-column elementor-field-group-field_dc78f63 elementor-col-100\">\n\t\t\t\t\t<div class=\"elementor-field\" id=\"form-field-field_dc78f63\"><div class=\"elementor-g-recaptcha\" data-sitekey=\"6Lc2RZgmAAAAAHxziAUxC1Lm_jef56zHX5yUc3gy\" data-type=\"v2_checkbox\" data-theme=\"light\" data-size=\"normal\"><\/div><\/div>\t\t\t\t<\/div>\n\t\t\t\t\t\t\t\t<div class=\"elementor-field-group elementor-column elementor-field-type-submit elementor-col-100 e-form__buttons\">\n\t\t\t\t\t<button class=\"elementor-button elementor-size-sm\" type=\"submit\">\n\t\t\t\t\t\t<span class=\"elementor-button-content-wrapper\">\n\t\t\t\t\t\t\t\t\t\t\t\t\t\t\t\t\t\t\t\t\t\t<span class=\"elementor-button-text\">Send<\/span>\n\t\t\t\t\t\t\t\t\t\t\t\t\t<\/span>\n\t\t\t\t\t<\/button>\n\t\t\t\t<\/div>\n\t\t\t<\/div>\n\t\t<input\n                    class=\"apbct_special_field apbct_email_id__elementor_form\"\n                    name=\"apbct__email_id__elementor_form\"\n                    aria-label=\"apbct__label_id__elementor_form\"\n                    type=\"text\" size=\"30\" maxlength=\"200\" autocomplete=\"off\"\n                    value=\"\"\n                \/><\/form>\n\t\t\t\t\t\t<\/div>\n\t\t\t\t<\/div>\n\t\t\t\t\t<\/div>\n\t\t<\/div>\n\t\t\t\t\t<\/div>\n\t\t<\/section>\n\t\t\t\t\t<\/div>\n\t\t<\/div>\n\t\t\t\t\t<\/div>\n\t\t<\/section>\n\t\t\t\t<\/div>\n\t\t","protected":false},"excerpt":{"rendered":"<p>Request for quotation We are committed to providing our clients with exceptional service and superior quality of work. To get a quote for your project, please fill out the form. We will get back to you as soon as possible. You can contact Daniel at: 819-893-6355 daniel@mlegault.com Request for quotation<\/p>\n","protected":false},"author":1,"featured_media":0,"parent":0,"menu_order":0,"comment_status":"closed","ping_status":"closed","template":"elementor_header_footer","meta":{"footnotes":""},"class_list":["post-890","page","type-page","status-publish","hentry"],"yoast_head":"<!-- This site is optimized with the Yoast SEO plugin v27.2 - https:\/\/yoast.com\/product\/yoast-seo-wordpress\/ -->\n<title>Online Quote - Ma\u00e7onnerie Legault<\/title>\n<meta name=\"robots\" content=\"index, follow, max-snippet:-1, max-image-preview:large, max-video-preview:-1\" \/>\n<link rel=\"canonical\" href=\"https:\/\/mlegault.com\/en\/online-quote\/\" \/>\n<meta property=\"og:locale\" content=\"en_US\" \/>\n<meta property=\"og:type\" content=\"article\" \/>\n<meta property=\"og:title\" content=\"Online Quote - Ma\u00e7onnerie Legault\" \/>\n<meta property=\"og:description\" content=\"Request for quotation We are committed to providing our clients with exceptional service and superior quality of work. To get a quote for your project, please fill out the form. We will get back to you as soon as possible. You can contact Daniel at: 819-893-6355 daniel@mlegault.com Request for quotation\" \/>\n<meta property=\"og:url\" content=\"https:\/\/mlegault.com\/en\/online-quote\/\" \/>\n<meta property=\"og:site_name\" content=\"Ma\u00e7onnerie Legault\" \/>\n<meta property=\"article:publisher\" content=\"https:\/\/www.facebook.com\/people\/Maonnerie-Legault\/100063790050612\/\" \/>\n<meta property=\"article:modified_time\" content=\"2025-11-11T12:42:42+00:00\" \/>\n<meta name=\"twitter:card\" content=\"summary_large_image\" \/>\n<meta name=\"twitter:label1\" content=\"Est. reading time\" \/>\n\t<meta name=\"twitter:data1\" content=\"1 minute\" \/>\n<script type=\"application\/ld+json\" class=\"yoast-schema-graph\">{\"@context\":\"https:\/\/schema.org\",\"@graph\":[{\"@type\":\"WebPage\",\"@id\":\"https:\/\/mlegault.com\/en\/online-quote\/\",\"url\":\"https:\/\/mlegault.com\/en\/online-quote\/\",\"name\":\"Online Quote - Ma\u00e7onnerie Legault\",\"isPartOf\":{\"@id\":\"https:\/\/mlegault.com\/#website\"},\"datePublished\":\"2023-03-28T02:47:19+00:00\",\"dateModified\":\"2025-11-11T12:42:42+00:00\",\"breadcrumb\":{\"@id\":\"https:\/\/mlegault.com\/en\/online-quote\/#breadcrumb\"},\"inLanguage\":\"en-US\",\"potentialAction\":[{\"@type\":\"ReadAction\",\"target\":[\"https:\/\/mlegault.com\/en\/online-quote\/\"]}]},{\"@type\":\"BreadcrumbList\",\"@id\":\"https:\/\/mlegault.com\/en\/online-quote\/#breadcrumb\",\"itemListElement\":[{\"@type\":\"ListItem\",\"position\":1,\"name\":\"Accueil\",\"item\":\"https:\/\/mlegault.com\/en\/\"},{\"@type\":\"ListItem\",\"position\":2,\"name\":\"Online Quote\"}]},{\"@type\":\"WebSite\",\"@id\":\"https:\/\/mlegault.com\/#website\",\"url\":\"https:\/\/mlegault.com\/\",\"name\":\"Ma\u00e7onnerie Legault\",\"description\":\"Ma\u00e7onnerie r\u00e9sidentiel et commercial\",\"publisher\":{\"@id\":\"https:\/\/mlegault.com\/#organization\"},\"potentialAction\":[{\"@type\":\"SearchAction\",\"target\":{\"@type\":\"EntryPoint\",\"urlTemplate\":\"https:\/\/mlegault.com\/?s={search_term_string}\"},\"query-input\":{\"@type\":\"PropertyValueSpecification\",\"valueRequired\":true,\"valueName\":\"search_term_string\"}}],\"inLanguage\":\"en-US\"},{\"@type\":\"Organization\",\"@id\":\"https:\/\/mlegault.com\/#organization\",\"name\":\"Ma\u00e7onnerie Legault\",\"url\":\"https:\/\/mlegault.com\/\",\"logo\":{\"@type\":\"ImageObject\",\"inLanguage\":\"en-US\",\"@id\":\"https:\/\/mlegault.com\/#\/schema\/logo\/image\/\",\"url\":\"https:\/\/mlegault.com\/wp-content\/uploads\/2023\/03\/logo-legault-maconnerie.png\",\"contentUrl\":\"https:\/\/mlegault.com\/wp-content\/uploads\/2023\/03\/logo-legault-maconnerie.png\",\"width\":630,\"height\":204,\"caption\":\"Ma\u00e7onnerie Legault\"},\"image\":{\"@id\":\"https:\/\/mlegault.com\/#\/schema\/logo\/image\/\"},\"sameAs\":[\"https:\/\/www.facebook.com\/people\/Maonnerie-Legault\/100063790050612\/\"]}]}<\/script>\n<!-- \/ Yoast SEO plugin. -->","yoast_head_json":{"title":"Online Quote - Ma\u00e7onnerie Legault","robots":{"index":"index","follow":"follow","max-snippet":"max-snippet:-1","max-image-preview":"max-image-preview:large","max-video-preview":"max-video-preview:-1"},"canonical":"https:\/\/mlegault.com\/en\/online-quote\/","og_locale":"en_US","og_type":"article","og_title":"Online Quote - Ma\u00e7onnerie Legault","og_description":"Request for quotation We are committed to providing our clients with exceptional service and superior quality of work. To get a quote for your project, please fill out the form. We will get back to you as soon as possible. You can contact Daniel at: 819-893-6355 daniel@mlegault.com Request for quotation","og_url":"https:\/\/mlegault.com\/en\/online-quote\/","og_site_name":"Ma\u00e7onnerie Legault","article_publisher":"https:\/\/www.facebook.com\/people\/Maonnerie-Legault\/100063790050612\/","article_modified_time":"2025-11-11T12:42:42+00:00","twitter_card":"summary_large_image","twitter_misc":{"Est. reading time":"1 minute"},"schema":{"@context":"https:\/\/schema.org","@graph":[{"@type":"WebPage","@id":"https:\/\/mlegault.com\/en\/online-quote\/","url":"https:\/\/mlegault.com\/en\/online-quote\/","name":"Online Quote - Ma\u00e7onnerie Legault","isPartOf":{"@id":"https:\/\/mlegault.com\/#website"},"datePublished":"2023-03-28T02:47:19+00:00","dateModified":"2025-11-11T12:42:42+00:00","breadcrumb":{"@id":"https:\/\/mlegault.com\/en\/online-quote\/#breadcrumb"},"inLanguage":"en-US","potentialAction":[{"@type":"ReadAction","target":["https:\/\/mlegault.com\/en\/online-quote\/"]}]},{"@type":"BreadcrumbList","@id":"https:\/\/mlegault.com\/en\/online-quote\/#breadcrumb","itemListElement":[{"@type":"ListItem","position":1,"name":"Accueil","item":"https:\/\/mlegault.com\/en\/"},{"@type":"ListItem","position":2,"name":"Online Quote"}]},{"@type":"WebSite","@id":"https:\/\/mlegault.com\/#website","url":"https:\/\/mlegault.com\/","name":"Ma\u00e7onnerie Legault","description":"Ma\u00e7onnerie r\u00e9sidentiel et commercial","publisher":{"@id":"https:\/\/mlegault.com\/#organization"},"potentialAction":[{"@type":"SearchAction","target":{"@type":"EntryPoint","urlTemplate":"https:\/\/mlegault.com\/?s={search_term_string}"},"query-input":{"@type":"PropertyValueSpecification","valueRequired":true,"valueName":"search_term_string"}}],"inLanguage":"en-US"},{"@type":"Organization","@id":"https:\/\/mlegault.com\/#organization","name":"Ma\u00e7onnerie Legault","url":"https:\/\/mlegault.com\/","logo":{"@type":"ImageObject","inLanguage":"en-US","@id":"https:\/\/mlegault.com\/#\/schema\/logo\/image\/","url":"https:\/\/mlegault.com\/wp-content\/uploads\/2023\/03\/logo-legault-maconnerie.png","contentUrl":"https:\/\/mlegault.com\/wp-content\/uploads\/2023\/03\/logo-legault-maconnerie.png","width":630,"height":204,"caption":"Ma\u00e7onnerie Legault"},"image":{"@id":"https:\/\/mlegault.com\/#\/schema\/logo\/image\/"},"sameAs":["https:\/\/www.facebook.com\/people\/Maonnerie-Legault\/100063790050612\/"]}]}},"_links":{"self":[{"href":"https:\/\/mlegault.com\/en\/wp-json\/wp\/v2\/pages\/890","targetHints":{"allow":["GET"]}}],"collection":[{"href":"https:\/\/mlegault.com\/en\/wp-json\/wp\/v2\/pages"}],"about":[{"href":"https:\/\/mlegault.com\/en\/wp-json\/wp\/v2\/types\/page"}],"author":[{"embeddable":true,"href":"https:\/\/mlegault.com\/en\/wp-json\/wp\/v2\/users\/1"}],"replies":[{"embeddable":true,"href":"https:\/\/mlegault.com\/en\/wp-json\/wp\/v2\/comments?post=890"}],"version-history":[{"count":7,"href":"https:\/\/mlegault.com\/en\/wp-json\/wp\/v2\/pages\/890\/revisions"}],"predecessor-version":[{"id":956,"href":"https:\/\/mlegault.com\/en\/wp-json\/wp\/v2\/pages\/890\/revisions\/956"}],"wp:attachment":[{"href":"https:\/\/mlegault.com\/en\/wp-json\/wp\/v2\/media?parent=890"}],"curies":[{"name":"wp","href":"https:\/\/api.w.org\/{rel}","templated":true}]}}